{"id":15510,"date":"2019-12-08T16:35:26","date_gmt":"2019-12-08T16:35:26","guid":{"rendered":"http:\/\/kliniknaturligvis.mansaplay.dk\/?page_id=15510"},"modified":"2021-01-08T22:51:40","modified_gmt":"2021-01-08T21:51:40","slug":"klienthistorier","status":"publish","type":"page","link":"https:\/\/aku.nu\/index.php\/klienthistorier\/","title":{"rendered":"Klienthistorier"},"content":{"rendered":"<p>[vc_row][vc_column width=&#8221;1\/1&#8243;]<h1 class=\"headline font-inherit fontsize-l fontweight-600 lh-inherit align-center transform-inherit \" style=\"margin: 0 0 20px 0;\">Ro og balance i krop og sind for b\u00e5de voksne og b\u00f8rn <\/h1>[vc_column_text]<span style=\"font-family: Arial, sans-serif;\"><span style=\"font-size: small;\">Jeg giver hermed mine varmeste anbefalinger til denne klinik. Jeg er kommet med store som sm\u00e5 problemer og oplever hver gang en meget dygtig og professionel behandling, som vigtigst af alt VIRKER! Det er ikke kun mig der har armene oppe over hovedet, men ogs\u00e5 mit sp\u00e6dbarn(hvis det var muligt), hun er som forvandlet efter at Line har trykket og vidergivet fif som igen VIRKER!<\/span><\/span><\/p>\n<p><span style=\"font-family: Arial, sans-serif;\"><span style=\"font-size: small;\">S\u00e5 har du de mindste problemer, eller bare vil fork\u00e6les, og vil noget godt for dig selv, er denne klinik et bes\u00f8g v\u00e6rd <\/span><\/span><\/p>\n<p><span style=\"font-family: Arial, sans-serif;\"><span style=\"font-size: small;\"><i>En yderst tilfreds kunde<\/i><\/span><\/span>[\/vc_column_text][\/vc_column][\/vc_row][vc_row][vc_column width=&#8221;1\/1&#8243;]<div class=\"divider divider1\" style='margin:60px 0 60px 0 !important;'><\/div>[\/vc_column][\/vc_row][vc_row][vc_column width=&#8221;1\/1&#8243;]<h1 class=\"headline font-inherit fontsize-l fontweight-600 lh-inherit align-center transform-inherit \" style=\"margin: 0 0 20px 0;\">\u00d8nske om graviditet efter abort og efterf\u00f8lgende lindring af graviditetskvalme<\/h1>[vc_column_text]<em>I jan 2013 henvender jeg mig til Line f\u00f8rste gang. Baggrunden for henvendelsen er at min mand og jeg gerne vil have vores barn nr. 3. De to f\u00f8rste gange er jeg blevet gravid naturligt og rimelig hurtigt med sk\u00f8nne drenge, som et str\u00e5lende resultat. Den 3. gang i en alder af 37 g\u00e5r det ogs\u00e5 fint med at blive gravid, dog ender graviditeten i uge 8 (nov. 2011) med en spontan abort. Efter at have sundet os lidt, bestemmer vi os for selvf\u00f8lgelig at ville\u00a0 pr\u00f8ve igen, men pludseligt er det ikke nemt at blive gravid. Jeg er ikke overv\u00e6gtig, spiser \u201drigtigt\u201d og dyrker moderat motion, s\u00e5 alt i den retning er \u201dlige efter bogen\u201d. Jeg bliver unders\u00f8gt to gange af en gyn\u00e6kolog og alt bliver ogs\u00e5 her betegnet som normalt\u2026 <\/em><\/p>\n<p><em>Efter at have fors\u00f8gt i godt et \u00e5r, beslutter vi\u00a0 os til at \u201dprojektet\u201d hellere m\u00e5 stoppe, det er nemlig lidt h\u00e5rdt hele tiden at g\u00e5 med tanken om at \u201der jeg nu gravid\u201d? \u2013 og hver m\u00e5ned blot konstatere at det er man ikke, hvorfor og hvad er der s\u00e5 galt?? Jeg \u00f8nsker ikke hj\u00e6lp i form af hormoner, inseminering ell. lign. <\/em><\/p>\n<p><em>Efter lidt s\u00f8gning p\u00e5 nettet, beslutter vi dog at en sidste udvej kunne v\u00e6re akupunktur, selv om vi aldrig havde pr\u00f8vet dette f\u00f8r i andre henseender \u2013 og her kommer Line ind i billedet.<\/em><\/p>\n<p><em>\u00a0<\/em>Det f\u00f8rste m\u00f8de med Line gav mig en super tryghed, omsorg og en pludselig optimisme p\u00e5 at det m\u00e5ske alligevel ikke var umuligt. Line startede ud med en lang samtale og en god forklaring af det forl\u00f8b, jeg kunne forvente hos hende. S\u00e5 ud over behandling, var det samtidig ogs\u00e5 en god omgang terapi og der blev l\u00f8snet op \u2026 Behandlingerne startede og man var slet ikke i tvivl om Line\u2019s professionalisme og engagement i projektet. Akupunktur gjorde rigtig meget godt for min krop og den begyndte at komme tilbage i balance!!! Efter behandling i 3. cyklusser l\u00e5 der pludselig en positiv graviditetstest!!!! Og den 24. december 2013 stod vi med vores lille sk\u00f8nne dreng i armene. Tak for denne helt igennem perfekte Julegave!!!!<\/p>\n<p>Stort knus Tina[\/vc_column_text][\/vc_column][\/vc_row][vc_row][vc_column width=&#8221;1\/1&#8243;]<div class=\"divider divider1\" style='margin:60px 0 60px 0 !important;'><\/div>[\/vc_column][\/vc_row][vc_row][vc_column width=&#8221;1\/1&#8243;]<h1 class=\"headline font-inherit fontsize-l fontweight-600 lh-inherit align-center transform-inherit \" style=\"margin: 0 0 20px 0;\">V\u00e6gttab og rygestop<\/h1>[vc_column_text]Line fra Klinik Naturligvis har hjulpet mig til at f\u00e5 sat gang i mit v\u00e6gttab. Jeg har pr\u00f8vet mange gange at tabe mig uden noget resultat. Men efter hj\u00e6lp fra Line, kom der skub i tingene. Jeg n\u00e5ede at tabe mig 9 kilo og stoppede med at ryge samtidig med. Jeg stoppede fordi jeg blev gravid. Det er helt sikkert noget jeg vil anbefale til andre.<\/p>\n<p><em>Nina<\/em><i>\u00a0<\/i>[\/vc_column_text][\/vc_column][\/vc_row][vc_row][vc_column width=&#8221;1\/1&#8243;]<div class=\"divider divider1\" style='margin:60px 0 60px 0 !important;'><\/div>[\/vc_column][\/vc_row][vc_row][vc_column width=&#8221;1\/1&#8243;]<h1 class=\"headline font-inherit fontsize-l fontweight-600 lh-inherit align-center transform-inherit \" style=\"margin: 0 0 20px 0;\">St\u00e6rke smerter efter lyskebrokoperation med net- inds\u00e6ttelse<\/h1>[vc_column_text]<span style=\"font-family: Arial, sans-serif;\"><span style=\"font-size: small;\">Jeg blev opereret i Roskilde den 23\/4-2013. S\u00e5ret eller arret om man vil, heler ikke da der er kommet stafylokokker i det. Det tager over 5 uger f\u00f8r arret er lukket. <\/span><\/span><\/p>\n<p><span style=\"font-family: Arial, sans-serif;\"><span style=\"font-size: small;\">Efter nogle m\u00e5neder syntes jeg ikke det er optimalt. Jeg kontakter egen l\u00e6ge og bliver unders\u00f8gt. Han trykker og m\u00e6rker og siger det er meget, normalt da jeg har f\u00e5et indopereret nettet. <\/span><\/span><span style=\"font-family: Arial, sans-serif;\"><span style=\"font-size: small;\">Her f\u00e5r jeg s\u00e5 noget medicin, der skal tage toppen af smerterne. <\/span><\/span><span style=\"font-family: Arial, sans-serif;\"><span style=\"font-size: small;\">Det virker ikke, der er for mange bivirkninger.<\/span><\/span><\/p>\n<p><span style=\"font-family: Arial, sans-serif;\"><span style=\"font-size: small;\">I Juli m\u00e5ned er det stadig helt galt, og f\u00e5r her en henvisning til r\u00f8ntgen i Ringsted.<\/span><\/span><\/p>\n<p><span style=\"font-family: Arial, sans-serif;\"><span style=\"font-size: small;\">12\/8-2013 er jeg til ultralydunders\u00f8gelse i Ringsted, f\u00e5r ogs\u00e5 en CT scanning. Men intet resultat. Smerterne er der stadig.<\/span><\/span><\/p>\n<p><span style=\"font-family: Arial, sans-serif;\"><span style=\"font-size: small;\">Mine smerter er her p\u00e5 nuv\u00e6rende tidspunkt n\u00e6sten uudholdelige. Mit ar det br\u00e6nder. Der er str\u00e5lersmerter ned gennem venstre l\u00e5r. Stikkende og nivende. Kan sammenlignes lidt med at blive tatoveret p\u00e5 samme sted l\u00e6nge. Jeg kan ikke sidde i en stol l\u00e6ngere tid af gangen, da det bare trykker i lysken. Jeg piver ellers aldrig, men jeg har virkelig ondt, men det er i perioder, der er intet system i hvorn\u00e5r smerterne er der. F\u00e5r bare dage hvor jeg bliver n\u00f8d til at ligge p\u00e5 langs, og kan ellers ikke s\u00e5 meget mere.<\/span><\/span><\/p>\n<p><span style=\"font-family: Arial, sans-serif;\"><span style=\"font-size: small;\">4\/11-2013 henvender jeg mig til Klinik Naturligvis.<\/span><\/span><\/p>\n<p><span style=\"font-family: Arial, sans-serif;\"><span style=\"font-size: small;\">F\u00e5r 6 behandlinger og det g\u00f8r en forskel. Der er ikke de vilde smerter og jeg er ovenp\u00e5 igen. Jeg stopper akupunkturbehandlingerne, efter egen overbevisning da det g\u00e5r meget godt.<\/span><\/span><\/p>\n<p><span style=\"font-family: Arial, sans-serif;\"><span style=\"font-size: small;\">18\/9-2014 m\u00e5 jeg til l\u00e6gen igen. Mine smerter er forv\u00e6rret. Her er der tale om st\u00e6rke str\u00e5lesmerter i venstre l\u00e5r igen. Men jeg er ogs\u00e5 begyndt at have ondt i venstre testikel. Det f\u00f8les som om at jeg er blevet rykket h\u00e5rdt i pungen. Min l\u00e6ge kigger ikke p\u00e5 mig men tilbyder mig den samme medicin som tidligere. Det er det eneste han kan, siger han. Han konstaterer at jeg s\u00e5 har kroniske smerter, og det sker ved 15-20% af de der bliver opereret for brok med inds\u00e6ttelse af net, fort\u00e6ller han mig.\u00a0En information jeg aldrig har h\u00f8rt.<\/span><\/span><\/p>\n<p><span style=\"font-family: Arial, sans-serif;\"><span style=\"font-size: small;\">En del ked af det henvender jeg mig igen til Line. Jeg \u00f8nsker ikke medicinen og er klar p\u00e5 alt, hvad der evt. kan hj\u00e6lpe.<\/span><\/span><\/p>\n<p><span style=\"font-family: Arial, sans-serif;\"><span style=\"font-size: small;\">24\/9-2014 starter jeg behandling p\u00e5 Klinik Naturligvis. Vi pr\u00f8ver os frem, da\u00a0lysken \u00e5benbart ikke rigtig er et punkt man behandler med n\u00e5le. Vi kigger p\u00e5 mange tegninger, og\u00a0snakker meget om hvad der kan m\u00e6rkes og hvad der evt. kan hj\u00e6lpe. Jeg f\u00e5r n\u00e5le i \u00f8ret, fingeren, f\u00f8dderne og\u00a0hun s\u00e6tter n\u00e5le i arret. Og jeg m\u00e5 nok indr\u00f8mme at det\u00a0virker. Jeg har f\u00e5et 6-7 behandlinger. Og det har virkelig hjulpet. Jeg har ikke haft smerter l\u00e6nge.\u00a0Der er intet at m\u00e6rke i min testikel. Jeg kan godt m\u00e6rke mit ar, men jeg har dannet en del arv\u00e6v, s\u00e5 det t\u00e6nker jeg er normalt. Men ingen \u00f8mhed,\u00a0 smerte eller problematik ved lysken. Jeg tror ikke selv p\u00e5 akupunktur, men m\u00e5 erfare at det har hjulpet. Jeg t\u00e6nker jeg skal have flere behandlinger, for lige at f\u00e5 det sidste med.<\/span><\/span><\/p>\n<p><span style=\"font-family: Arial, sans-serif;\"><span style=\"font-size: small;\"><i>Kenneth Bo Andersen<\/i><\/span><\/span>[\/vc_column_text][\/vc_column][\/vc_row][vc_row][vc_column width=&#8221;1\/1&#8243;]<div class=\"divider divider1\" style='margin:60px 0 60px 0 !important;'><\/div>[\/vc_column][\/vc_row][vc_row][vc_column width=&#8221;1\/1&#8243;]<h1 class=\"headline font-inherit fontsize-l fontweight-600 lh-inherit align-center transform-inherit \" style=\"margin: 0 0 20px 0;\">Allergi\/H\u00f8feber<\/h1>[vc_column_text]<span style=\"font-family: Arial, sans-serif;\"><span style=\"font-size: small;\">Vi startede tidligt i h\u00f8feber s\u00e6sonen med behandling af min allergi, det gode vejr startede ogs\u00e5 tidligt, s\u00e5 det var ikke mange behandlinger vi kunne n\u00e5, f\u00f8r det gik l\u00f8s. Allerede efter f\u00f8rste behandling var mine symptomer v\u00e6sentligt mindsket, og ved anden behandling var symptomerne t\u00e5lelige og jeg har ikke siden taget en antihistamin. Status er nu, at jeg ikke har nogen reaktioner. Ikke engang en l\u00f8betur gennem skoven kan give anledning til et nys eller l\u00f8bende n\u00e6se. Jeg er fuldt ud tilfreds, og vender trygt tilbage hvis kroppen tr\u00e6nger til lidt energi. En behandling hos dig har udover behandling af min allergi, ogs\u00e5 givet et velv\u00e6rem\u00e6ssigt overskud. <\/span><\/span><\/p>\n<p><span style=\"font-family: Arial, sans-serif;\"><span style=\"font-size: small;\"><i>Louise <\/i><\/span><\/span>[\/vc_column_text][\/vc_column][\/vc_row][vc_row][vc_column width=&#8221;1\/1&#8243;]<div class=\"divider divider1\" style='margin:60px 0 60px 0 !important;'><\/div>[\/vc_column][\/vc_row][vc_row][vc_column width=&#8221;1\/1&#8243;]<h1 class=\"headline font-inherit fontsize-l fontweight-600 lh-inherit align-center transform-inherit \" style=\"margin: 0 0 20px 0;\">Behandling af pollenallergi og muskelsmerter<\/h1>[vc_column_text]<\/p>\n<p class=\"western\"><span lang=\"da-DK\"><i>&#8220;Klinik Naturligvis er stedet hvor den kompetente behandling g\u00e5r h\u00e5nd i h\u00e5nd med roen, tryghed og den gode samtale&#8221;<\/i><\/span><\/p>\n<p class=\"western\"><span style=\"font-family: Helvetica, serif;\"><span lang=\"da-DK\">For ca. 5 <\/span><\/span><span style=\"font-family: Arial Unicode MS, serif;\"><span lang=\"da-DK\">\u00e5<\/span><\/span><span style=\"font-family: Helvetica, serif;\"><span lang=\"da-DK\">r siden oplevede jeg et for<\/span><\/span><span style=\"font-family: Arial Unicode MS, serif;\"><span lang=\"da-DK\">\u00e5<\/span><\/span><span style=\"font-family: Helvetica, serif;\"><span lang=\"da-DK\">r, hvor jeg ikke kunne f<\/span><\/span><span style=\"font-family: Arial Unicode MS, serif;\"><span lang=\"da-DK\">\u00e5 <\/span><\/span><span style=\"font-family: Helvetica, serif;\"><span lang=\"da-DK\">luft og kl<\/span><\/span><span style=\"font-family: Arial Unicode MS, serif;\"><span lang=\"da-DK\">\u00f8<\/span><\/span><span style=\"font-family: Helvetica, serif;\"><span lang=\"da-DK\">e og rindende <\/span><\/span><span style=\"font-family: Arial Unicode MS, serif;\"><span lang=\"da-DK\">\u00f8<\/span><\/span><span style=\"font-family: Helvetica, serif;\"><span lang=\"da-DK\">jne i birkepollens<\/span><\/span><span style=\"font-family: Arial Unicode MS, serif;\"><span lang=\"da-DK\">\u00e6<\/span><\/span><span style=\"font-family: Helvetica, serif;\"><span lang=\"da-DK\">sonen. Det var birkepollen jeg er overf<\/span><\/span><span style=\"font-family: Arial Unicode MS, serif;\"><span lang=\"da-DK\">\u00f8<\/span><\/span><span style=\"font-family: Helvetica, serif;\"><span lang=\"da-DK\">lsom overfor og egen l<\/span><\/span><span style=\"font-family: Arial Unicode MS, serif;\"><span lang=\"da-DK\">\u00e6<\/span><\/span><span style=\"font-family: Helvetica, serif;\"><span lang=\"da-DK\">ge gav antihistamin. Disse piller hjalp til en vis grad, men jeg var stadig sl<\/span><\/span><span style=\"font-family: Arial Unicode MS, serif;\"><span lang=\"da-DK\">\u00f8<\/span><\/span><span style=\"font-family: Helvetica, serif;\"><span lang=\"da-DK\">v og tr<\/span><\/span><span style=\"font-family: Arial Unicode MS, serif;\"><span lang=\"da-DK\">\u00e6<\/span><\/span><span style=\"font-family: Helvetica, serif;\"><span lang=\"da-DK\">t og det var sv<\/span><\/span><span style=\"font-family: Arial Unicode MS, serif;\"><span lang=\"da-DK\">\u00e6<\/span><\/span><span style=\"font-family: Helvetica, serif;\"><span lang=\"da-DK\">rt i for<\/span><\/span><span style=\"font-family: Arial Unicode MS, serif;\"><span lang=\"da-DK\">\u00e5<\/span><\/span><span style=\"font-family: Helvetica, serif;\"><span lang=\"da-DK\">ret at v<\/span><\/span><span style=\"font-family: Arial Unicode MS, serif;\"><span lang=\"da-DK\">\u00e6<\/span><\/span><span style=\"font-family: Helvetica, serif;\"><span lang=\"da-DK\">re fysisk aktiv med cykling og l<\/span><\/span><span style=\"font-family: Arial Unicode MS, serif;\"><span lang=\"da-DK\">\u00f8<\/span><\/span><span style=\"font-family: Helvetica, serif;\"><span lang=\"da-DK\">b. Jeg blev henvist af en god veninde til Klinik Naturligvis og akupunkturbehandling for pollenallergi. Efter akupunkturbehandling i for<\/span><\/span><span style=\"font-family: Arial Unicode MS, serif;\"><span lang=\"da-DK\">\u00e5<\/span><\/span><span style=\"font-family: Helvetica, serif;\"><span lang=\"da-DK\">ret kom energien og luften tilbage, og har v<\/span><\/span><span style=\"font-family: Arial Unicode MS, serif;\"><span lang=\"da-DK\">\u00e6<\/span><\/span><span style=\"font-family: Helvetica, serif;\"><span lang=\"da-DK\">ret medvirkende til, at jeg har kunne opretholde min aktive og fysiske udfoldelse udend<\/span><\/span><span style=\"font-family: Arial Unicode MS, serif;\"><span lang=\"da-DK\">\u00f8<\/span><\/span><span style=\"font-family: Helvetica, serif;\"><span lang=\"da-DK\">rs hele for<\/span><\/span><span style=\"font-family: Arial Unicode MS, serif;\"><span lang=\"da-DK\">\u00e5<\/span><\/span><span style=\"font-family: Helvetica, serif;\"><span lang=\"da-DK\">ret. Jeg har hvert <\/span><\/span><span style=\"font-family: Arial Unicode MS, serif;\"><span lang=\"da-DK\">\u00e5<\/span><\/span><span style=\"font-family: Helvetica, serif;\"><span lang=\"da-DK\">r efterf<\/span><\/span><span style=\"font-family: Arial Unicode MS, serif;\"><span lang=\"da-DK\">\u00f8<\/span><\/span><span style=\"font-family: Helvetica, serif;\"><span lang=\"da-DK\">lgende startet et akupunkturbehandlingsforl<\/span><\/span><span style=\"font-family: Arial Unicode MS, serif;\"><span lang=\"da-DK\">\u00f8<\/span><\/span><span style=\"font-family: Helvetica, serif;\"><span lang=\"da-DK\">b i for<\/span><\/span><span style=\"font-family: Arial Unicode MS, serif;\"><span lang=\"da-DK\">\u00e5<\/span><\/span><span style=\"font-family: Helvetica, serif;\"><span lang=\"da-DK\">ret inden pollens<\/span><\/span><span style=\"font-family: Arial Unicode MS, serif;\"><span lang=\"da-DK\">\u00e6<\/span><\/span><span style=\"font-family: Helvetica, serif;\"><span lang=\"da-DK\">sonen startede, og dette har gjort tr<\/span><\/span><span style=\"font-family: Arial Unicode MS, serif;\"><span lang=\"da-DK\">\u00e6<\/span><\/span><span style=\"font-family: Helvetica, serif;\"><span lang=\"da-DK\">ning og udend<\/span><\/span><span style=\"font-family: Arial Unicode MS, serif;\"><span lang=\"da-DK\">\u00f8<\/span><\/span><span style=\"font-family: Helvetica, serif;\"><span lang=\"da-DK\">rs aktivitet muligt uden komplikationer. <\/span><\/span><\/p>\n<p class=\"western\"><span style=\"font-family: Helvetica, serif;\"><span lang=\"da-DK\">Line Jensen har fra f<\/span><\/span><span style=\"font-family: Arial Unicode MS, serif;\"><span lang=\"da-DK\">\u00f8<\/span><\/span><span style=\"font-family: Helvetica, serif;\"><span lang=\"da-DK\">rste behandling vist sig kompetent, oprigtigt interesseret og gennem samtale forst<\/span><\/span><span style=\"font-family: Arial Unicode MS, serif;\"><span lang=\"da-DK\">\u00e5<\/span><\/span><span style=\"font-family: Helvetica, serif;\"><span lang=\"da-DK\">et mit problemet. Behandlingen foreg<\/span><\/span><span style=\"font-family: Arial Unicode MS, serif;\"><span lang=\"da-DK\">\u00e5<\/span><\/span><span style=\"font-family: Helvetica, serif;\"><span lang=\"da-DK\">r i trygge afslappede rammer og et hyggeligt behandlingsmilj<\/span><\/span><span style=\"font-family: Arial Unicode MS, serif;\"><span lang=\"da-DK\">\u00f8<\/span><\/span><span style=\"font-family: Helvetica, serif;\"><span lang=\"da-DK\">, hvor der altid er god tid og god stemning. Klinik Naturligvis er stedet, hvor <\/span><\/span><span style=\"font-family: Helvetica, serif;\">den kompetente behandling<\/span><span style=\"font-family: Helvetica, serif;\"><span lang=\"da-DK\"> g<\/span><\/span><span style=\"font-family: Arial Unicode MS, serif;\"><span lang=\"da-DK\">\u00e5<\/span><\/span><span style=\"font-family: Helvetica, serif;\"><span lang=\"da-DK\">r h<\/span><\/span><span style=\"font-family: Arial Unicode MS, serif;\"><span lang=\"da-DK\">\u00e5<\/span><\/span><span style=\"font-family: Helvetica, serif;\"><span lang=\"da-DK\">nd i h<\/span><\/span><span style=\"font-family: Arial Unicode MS, serif;\"><span lang=\"da-DK\">\u00e5<\/span><\/span><span style=\"font-family: Helvetica, serif;\"><span lang=\"da-DK\">nd med roen, tryghed og den gode samtale. Jeg vil varmt anbefale denne klinik og denne behandling til andre, med samme problemer som jeg har oplevet.<\/span><\/span><\/p>\n<p><em>Henrik Mandrup<\/em><\/p>\n<p>[\/vc_column_text][\/vc_column][\/vc_row][vc_row][vc_column width=&#8221;1\/1&#8243;]<div class=\"divider divider1\" style='margin:60px 0 60px 0 !important;'><\/div>[\/vc_column][\/vc_row][vc_row][vc_column width=&#8221;1\/1&#8243;]<h1 class=\"headline font-inherit fontsize-l fontweight-600 lh-inherit align-center transform-inherit \" style=\"margin: 0 0 20px 0;\">Akupunkturen var med til at vi fik vores sk\u00f8nne datter(gode \u00e6g og \u00f8get s\u00e6dkvalitet <\/h1>[vc_column_text]<span style=\"font-family: Arial, sans-serif;\"><span style=\"font-size: small;\"><span style=\"font-size: medium;\">Vi <\/span>hedder Christian og Karina. Vi har v\u00e6ret igennem akupunktur behandling, da vi havde sv\u00e6rt ved at f\u00e5 b\u00f8rn. Christian har meget nedsat s\u00e6dkvalitet og af den \u00e5rsag er vores chancer for at blive gravide p\u00e5 naturlig m\u00e5de ganske lille. Derfor blev vi anbefalet at f\u00e5 professionel hj\u00e6lp. Vi valgte at komme hos Line fra Klinik naturligvis, da vi havde h\u00f8rt rigtig godt om hende!<\/span><\/span><\/p>\n<p><span style=\"font-family: Arial, sans-serif;\"><span style=\"font-size: small;\">Christian kom i behandling for at g\u00f8re hans s\u00e6d bedre og Karina for at g\u00f8re hendes \u00e6g til super \u00e6g. Christian var en del skeptisk til at starte med, han troede ikke rigtig p\u00e5 den slags, <b>men nu er det s\u00e5dan med akupunktur at man ikke beh\u00f8ver tro p\u00e5 det f\u00f8r det virker<\/b> (hvilket senere skulle vise sig at v\u00e6re rigtig) Vi havde f\u00f8rst v\u00e6ret igennem en del behandlinger med insemination, hvilket ikke lykkedes. S\u00e5 kom vi videre i reagensglas behandling sammen med akupunktur behandling. Det var et tre m\u00e5neders forl\u00f8b i akupunktur behandling. Christian s\u00e6d gik fra at v\u00e6re 1 million gode s\u00e6dceller til 3 millioner gode s\u00e6dceller. Jeg selv fik taget 12 \u00e6g ud hvor 7 af dem kunne bruges og de resterende blev smidt ud (flere af mine \u00e6g havde delt sig i topklassen og var mere end perfekte) ved en kombination af akupunktur og hormon behandling. Efter f\u00f8rste fors\u00f8g med reagensglas og akupunktur behandlingen blev vi endelige gravide og i dag har vi en sund og rask lille pige p\u00e5 3 m\u00e5neder. Line fra Naturligvis var en vigtig brik for at det kunne lykkes for os! Vi har f\u00e5et en rigtig god behandling og f\u00f8lte os meget trykke i Line&#8217;s h\u00e6nder. Det er fantastisk at man kan m\u00e6rke hvor meget Line lever og \u00e5nder for sit fag, hvilket g\u00f8r vi til enhver tid vil komme igen!!!!! Tak for hj\u00e6lpen Line<\/span><\/span><\/p>\n<p><span style=\"font-family: Arial, sans-serif;\"><span style=\"font-size: small;\"><i>Christian og Karina <\/i><\/span><\/span>[\/vc_column_text][\/vc_column][\/vc_row]<\/p>\n","protected":false},"excerpt":{"rendered":"<p>[vc_row][vc_column width=&#8221;1\/1&#8243;][vc_column_text]Jeg giver hermed mine varmeste anbefalinger til denne klinik. Jeg er kommet med store som sm\u00e5 problemer og oplever hver gang en meget dygtig og professionel behandling, som vigtigst af alt VIRKER! Det er ikke kun mig der har armene oppe over hovedet, men ogs\u00e5 mit sp\u00e6dbarn(hvis det var muligt), hun er som forvandlet efter at Line har trykket og vidergivet fif som igen VIRKER! S\u00e5 har du de mindste problemer, eller bare vil fork\u00e6les, og vil noget godt for dig selv, er denne klinik et bes\u00f8g v\u00e6rd En yderst tilfreds kunde[\/vc_column_text][\/vc_column][\/vc_row][vc_row][vc_column width=&#8221;1\/1&#8243;][\/vc_column][\/vc_row][vc_row][vc_column width=&#8221;1\/1&#8243;][vc_column_text]I jan 2013 henvender jeg mig til Line f\u00f8rste gang. Baggrunden for henvendelsen er at min mand og jeg gerne vil have vores barn nr. 3. De to f\u00f8rste gange er jeg blevet gravid naturligt og rimelig hurtigt med sk\u00f8nne drenge, som et str\u00e5lende resultat. Den 3. gang i en alder af 37 g\u00e5r det ogs\u00e5 fint med at blive gravid, dog ender graviditeten i uge 8 (nov. 2011) med en spontan abort. Efter at have sundet os lidt, bestemmer vi os for selvf\u00f8lgelig at ville\u00a0 pr\u00f8ve igen, men pludseligt er det ikke nemt at blive gravid. Jeg er ikke overv\u00e6gtig, spiser \u201drigtigt\u201d og dyrker moderat [&hellip;]<\/p>\n","protected":false},"author":1,"featured_media":0,"parent":0,"menu_order":0,"comment_status":"closed","ping_status":"closed","template":"","meta":{"footnotes":""},"class_list":["post-15510","page","type-page","status-publish","hentry"],"_links":{"self":[{"href":"https:\/\/aku.nu\/index.php\/wp-json\/wp\/v2\/pages\/15510","targetHints":{"allow":["GET"]}}],"collection":[{"href":"https:\/\/aku.nu\/index.php\/wp-json\/wp\/v2\/pages"}],"about":[{"href":"https:\/\/aku.nu\/index.php\/wp-json\/wp\/v2\/types\/page"}],"author":[{"embeddable":true,"href":"https:\/\/aku.nu\/index.php\/wp-json\/wp\/v2\/users\/1"}],"replies":[{"embeddable":true,"href":"https:\/\/aku.nu\/index.php\/wp-json\/wp\/v2\/comments?post=15510"}],"version-history":[{"count":10,"href":"https:\/\/aku.nu\/index.php\/wp-json\/wp\/v2\/pages\/15510\/revisions"}],"predecessor-version":[{"id":16400,"href":"https:\/\/aku.nu\/index.php\/wp-json\/wp\/v2\/pages\/15510\/revisions\/16400"}],"wp:attachment":[{"href":"https:\/\/aku.nu\/index.php\/wp-json\/wp\/v2\/media?parent=15510"}],"curies":[{"name":"wp","href":"https:\/\/api.w.org\/{rel}","templated":true}]}}