{"id":8989,"date":"2014-07-02T14:56:20","date_gmt":"2014-07-02T14:56:20","guid":{"rendered":"http:\/\/localhost:8888\/themes\/ventory\/?page_id=8989"},"modified":"2021-03-12T08:01:11","modified_gmt":"2021-03-12T07:01:11","slug":"start","status":"publish","type":"page","link":"https:\/\/aku.nu\/","title":{"rendered":"Start"},"content":{"rendered":"<p>[vc_row top_padding=&#8221;0&#8243; bg_position=&#8221;left top&#8221;][vc_column width=&#8221;1\/6&#8243;]<div class=\"single_image wpb_content_element align-left    \" data-animation=\"none\" data-delay=\"0\"><img decoding=\"async\" width=\"160\" height=\"200\" src=\"https:\/\/aku.nu\/wp-content\/uploads\/2021\/03\/head.png\" class=\"attachment-full\" alt=\"\" \/><\/div>[\/vc_column][vc_column width=&#8221;1\/6&#8243;]<div class=\"single_image wpb_content_element align-left    \" data-animation=\"none\" data-delay=\"0\"><img decoding=\"async\" width=\"160\" height=\"200\" src=\"https:\/\/aku.nu\/wp-content\/uploads\/2021\/03\/skilt.png\" class=\"attachment-full\" alt=\"\" \/><\/div>[\/vc_column][vc_column width=&#8221;1\/6&#8243;]<div class=\"single_image wpb_content_element align-left    \" data-animation=\"none\" data-delay=\"0\"><img decoding=\"async\" width=\"160\" height=\"199\" src=\"https:\/\/aku.nu\/wp-content\/uploads\/2021\/03\/baby.png\" class=\"attachment-full\" alt=\"\" \/><\/div>[\/vc_column][vc_column width=&#8221;1\/6&#8243;]<div class=\"single_image wpb_content_element align-left    \" data-animation=\"none\" data-delay=\"0\"><img loading=\"lazy\" decoding=\"async\" width=\"160\" height=\"200\" src=\"https:\/\/aku.nu\/wp-content\/uploads\/2021\/03\/hand-1.png\" class=\"attachment-full\" alt=\"\" \/><\/div>[\/vc_column][vc_column width=&#8221;1\/6&#8243;]<div class=\"single_image wpb_content_element align-left    \" data-animation=\"none\" data-delay=\"0\"><img loading=\"lazy\" decoding=\"async\" width=\"160\" height=\"200\" src=\"https:\/\/aku.nu\/wp-content\/uploads\/2021\/03\/babyfeet.png\" class=\"attachment-full\" alt=\"\" \/><\/div>[\/vc_column][vc_column width=&#8221;1\/6&#8243;]<div class=\"single_image wpb_content_element align-left    \" data-animation=\"none\" data-delay=\"0\"><img loading=\"lazy\" decoding=\"async\" width=\"160\" height=\"200\" src=\"https:\/\/aku.nu\/wp-content\/uploads\/2021\/03\/flower.png\" class=\"attachment-full\" alt=\"\" \/><\/div>[\/vc_column][\/vc_row][vc_row text_align=&#8221;center&#8221; top_padding=&#8221;30&#8243;][vc_column width=&#8221;1\/1&#8243;][vc_column_text]<\/p>\n<h2 style=\"color: #c7a0cb; margin-bottom: 6px;\">Klinik Naturligvis<\/h2>\n<h3 style=\"color: #777;\">Naturlig balance for krop og sind<\/h3>\n<p>[\/vc_column_text][\/vc_column][\/vc_row][vc_row top_padding=&#8221;80&#8243; bottom_padding=&#8221;80&#8243; bg_position=&#8221;left top&#8221;][vc_column width=&#8221;1\/4&#8243;][vc_column_text]<\/p>\n<h6>Smertebehandling<\/h6>\n<p>Alt for mange mennesker finder sig i st\u00e6rke smerter og ubehagelige gener, ofte fordi de tror det ikke kan v\u00e6re anderledes \u2013 men det kan det!<br \/>\nI langt de fleste tilf\u00e6lde vil akupunkturbehandling tilrettelagt den enkelte patients ubalancer, som et minimum, mindske smerter og ubehag samt i flere tilf\u00e6lde, helt f\u00e5 generne til at forsvinde! \u2013 ofte f\u00f8les en begyndende virkning allerede efter 3-5 behandlinger![\/vc_column_text][\/vc_column][vc_column width=&#8221;1\/4&#8243;][vc_column_text]<\/p>\n<h6>Tillid<\/h6>\n<p>For mange mennesker er det at lade sig i h\u00e6nderne p\u00e5 et andet menneske, der oveni k\u00f8bet skal stikke n\u00e5le i en, v\u00e6ldig gr\u00e6nseoverskridende. I langt de fleste tilf\u00e6lde ender det dog med, at mine klienter form\u00e5r selv at nyde den f\u00f8rste behandling. Jeg g\u00e5r nemlig stille frem, i det tempo du er klar til. Grundig information og tryghed er for mig en foruds\u00e6tning for et godt samarbejde mellem klient og behandler. Desuden vil virkningen af n\u00e5lene, alts\u00e5 p\u00e5virkningen af meridianerne\/energibanerne g\u00f8re at du ret hurtigt selv m\u00e6rker en forskel og derved slapper mere af. Det er meningen at du skal kunne ligge helt afslappet og hvile til sagte musik, den halve time n\u00e5lene virker \u2013 og dette helt uden smerter fra n\u00e5lene.[\/vc_column_text][\/vc_column][vc_column width=&#8221;1\/4&#8243;][vc_column_text]<\/p>\n<h6>Uddannet<\/h6>\n<p>Min baggrund som sygeplejerske gennem 12 \u00e5r, g\u00f8r at jeg dagligt kombinerer det bedste fra min viden om vestlig medicin, sygdomme, diagnoser, p\u00e6dagogisk indgangsvinkel, behandlingsformer og helhedssynet p\u00e5 det enkelte menneske, med alt det bedste jeg har l\u00e6rt og fortsat l\u00e6rer om traditionel kinesisk medicin \u2013 og resultatet er jeg selv rigtig godt tilfreds med!<\/p>\n<div id=\"gtx-trans\" style=\"position: absolute; left: 9px; top: 39.9688px;\">\n<div class=\"gtx-trans-icon\"><\/div>\n<\/div>\n<p>[\/vc_column_text][\/vc_column][vc_column width=&#8221;1\/4&#8243;][vc_column_text]<\/p>\n<h6>Naturligt<\/h6>\n<p>Akupunktur er virkelig noget alle burde unde sig selv at pr\u00f8ve. Akupunktur p\u00e5virker mennesket fysisk s\u00e5vel som psykisk. I vores ofte fortravlede hverdag, er der sj\u00e6lden tid til eftertanke, eller tid til at tanke vores indre v\u00e6rdier op \u2013 men det er alts\u00e5 lige pr\u00e6cis det en akupunktur behandling kan g\u00f8re samtidig med at dine smerter, nedsatte fertilitet eller andre fysiske skavanker behandles. Det er faktisk s\u00e5dan, at der ved akupunktur ikke tilf\u00f8res noget, men blot justeres p\u00e5 de energier du i forvejen har i din krop s\u00e5 balance og \u00f8get velv\u00e6re opn\u00e5s \u2013 og dette helt p\u00e5 naturligvis![\/vc_column_text][\/vc_column][\/vc_row][vc_row type=&#8221;full_width_section&#8221;][vc_column][vc_column_text]<div class=\"callout clearfix\" style=\"background-color:#c7a0cb; color:#ffffff;\">\n\t\t<div class=\"callout-text\">Kontakt mig &#8211; evt. for uforpligtende samtale<\/div>\n\t\t\t<div class=\"callout-button\"><a class=\"button medium color-6\" href=\"#footer\" target=\"_self\">Kontakt<\/a><\/div>\n\t\t<\/div>[\/vc_column_text][\/vc_column][\/vc_row][vc_row][vc_column width=&#8221;1\/1&#8243;][vc_column_text]\t\t\t\t\t\t\t\t<div class=\"pgcu-posts pgcu-theme-1 pgcu-carousel\"\n\t\t\t\t\t\t\t\t\tdata-pgcu-items=\"4\"\n\t\t\t\t\tdata-pgcu-margin=\"30\"\n\t\t\t\t\tdata-pgcu-loop=\"true\"\n\t\t\t\t\tdata-pgcu-perslide=\"2\"\n\t\t\t\t\tdata-pgcu-speed=\"3000\"\n\t\t\t\t\tdata-pgcu-autoplay='\n\t\t\t\t\t\t\t\t\t\t{\n\t\t\t\t\t\t\"delay\": \"5000\",\n\t\t\t\t\t\t\"pauseOnMouseEnter\": false,\n\t\t\t\t\t\t\"disableOnInteraction\": false,\n\t\t\t\t\t\t\"stopOnLastSlide\": true,\n\t\t\t\t\t\t\"reverseDirection\": false\n\t\t\t\t\t}\n\t\t\t\t\t\t\t\t\t' data-pgcu-responsive='{\n\t\t\t\t\t\t\"0\": {\"slidesPerView\": \"1\", \"spaceBetween\": \"20\", \"slidesPerGroup\":\"1\"},\n\t\t\t\t\t\t\"768\": {\"slidesPerView\": \"1\", \"spaceBetween\": \"30\", \"slidesPerGroup\":\"1\"},\n\t\t\t\t\t\t\"992\": {\"slidesPerView\": \"3\", \"spaceBetween\": \"30\", \"slidesPerGroup\":\"1\"},\n\t\t\t\t\t\t\"1200\": {\"slidesPerView\": \"1\", \"spaceBetween\": \"30\", \"slidesPerGroup\":\"1\"}\n\t\t\t\t\t}'\n\t\t\t\t\t\t\t\t>\n\n\t\t\t\t\t\n\n    \t\t\t\t<div class=\"swiper-wrapper\" style=\"\n\t\t\t\t\t--pgcu-titleColor: #33330E;\n    \t\t\t\t--pgcu-titleColorHover: #1289A7;\n\t\t\t\t\t--pgcu-excerptColor: #6e7387;\n\t\t\t\t\t--pgcu-readMoreColor: #33330E;\n    \t\t\t\t--pgcu-readMoreColorHover: #dd3333;\n\t\t\t\t\t--pgcu-buttonFontSize: 14px;\n\t\t\t\t\t--pgcu-buttonColor: #030213;\n\t\t\t\t\t--pgcu-buttonColorHover: #ffffff;\n\t\t\t\t\t--pgcu-buttonBg: #EFEFEF;\n\t\t\t\t\t--pgcu-buttonBgHover: #030213;\n\t\t\t\t\">\n\n\t\t\t\t\t\t\n<div class=\"pgcu-post pgcu-post--rounded-border swiper-slide\">\n    <div class=\"pgcu-post__content\">\n\n        \n        <div class=\"pgcu-post__details\">\n\n                            <h2 class=\"pgcu-post__title\">\n                    <a href=\"https:\/\/aku.nu\/index.php\/2022\/01\/12\/mislykket-forsoeg-spontan-abort-ivf-og-lykkelige-omstaendigheder\/\">Mislykket fors\u00f8g, spontan abort, IVF og lykkelige omst\u00e6ndigheder<\/a> \n                <\/h2>\n            \n            <ul class=\"pgcu-post__meta pgcu-post__meta--dots\">\n\n                                    <li><a>12 januar 2022<\/a><\/li>\n                                \n                                    <li class=\"pgcu-post__meta__categories\">\n                        <a>Abort<\/a>\n\n                                                <a>Barnl\u00f8shed<\/a>\n                                                \n                                                    <div class=\"pgcu-post__meta__categories-more\">\n                                <span><svg xmlns=\"http:\/\/www.w3.org\/2000\/svg\" viewBox=\"0 0 448 512\"><path d=\"M416 208H272V64c0-17.67-14.33-32-32-32h-32c-17.67 0-32 14.33-32 32v144H32c-17.67 0-32 14.33-32 32v32c0 17.67 14.33 32 32 32h144v144c0 17.67 14.33 32 32 32h32c17.67 0 32-14.33 32-32V304h144c17.67 0 32-14.33 32-32v-32c0-17.67-14.33-32-32-32z\"\/><\/svg><\/span>\n                                <div>\n\n                                                                    <a>Fertilitet<\/a>\n                                                                    <a>fertilitetsbehandling<\/a>\n                                                                \n                                <\/div>\n                            <\/div>\n                                            <\/li>\n                    \n\n            <\/ul>\n\n                            <p class=\"pgcu-post__excerpt\">\n                Efter min k\u00e6rreste og jeg havde fors\u00f8gt at blive gravide i 3 \u00e5r lykkedes det endelig&hellip;                <\/p>\n            \n            \n                <a href=\"https:\/\/aku.nu\/index.php\/2022\/01\/12\/mislykket-forsoeg-spontan-abort-ivf-og-lykkelige-omstaendigheder\/\" class=\"pgcu-read-more pgcu-post__readmore\">\n                    Read More                                            <svg xmlns=\"http:\/\/www.w3.org\/2000\/svg\" viewBox=\"0 0 448 512\"><path d=\"M190.5 66.9l22.2-22.2c9.4-9.4 24.6-9.4 33.9 0L441 239c9.4 9.4 9.4 24.6 0 33.9L246.6 467.3c-9.4 9.4-24.6 9.4-33.9 0l-22.2-22.2c-9.5-9.5-9.3-25 .4-34.3L311.4 296H24c-13.3 0-24-10.7-24-24v-32c0-13.3 10.7-24 24-24h287.4L190.9 101.2c-9.8-9.3-10-24.8-.4-34.3z\"\/><\/svg>\n                                    <\/a>\n            \n        <\/div><!-- ends: .pgcu-post__details -->\n    <\/div><!-- ends: .pgcu-post__content -->\n<\/div><!-- ends: .pgcu-post -->\n\n<div class=\"pgcu-post pgcu-post--rounded-border swiper-slide\">\n    <div class=\"pgcu-post__content\">\n\n        \n        <div class=\"pgcu-post__details\">\n\n                            <h2 class=\"pgcu-post__title\">\n                    <a href=\"https:\/\/aku.nu\/index.php\/2022\/01\/12\/tennisalbue-smerter-i-albue\/\">Tennisalbue &#8211; smerter i albue<\/a> \n                <\/h2>\n            \n            <ul class=\"pgcu-post__meta pgcu-post__meta--dots\">\n\n                                    <li><a>12 januar 2022<\/a><\/li>\n                                \n                                    <li class=\"pgcu-post__meta__categories\">\n                        <a>Smerter<\/a>\n\n                                                <a>Sportsskader<\/a>\n                                                \n                                            <\/li>\n                    \n\n            <\/ul>\n\n                            <p class=\"pgcu-post__excerpt\">\n                I 2 m\u00e5neder havde jeg g\u00e5et og d\u00f8jet med mange smerter i h\u00f8jre arm. Bare det&hellip;                <\/p>\n            \n            \n                <a href=\"https:\/\/aku.nu\/index.php\/2022\/01\/12\/tennisalbue-smerter-i-albue\/\" class=\"pgcu-read-more pgcu-post__readmore\">\n                    Read More                                            <svg xmlns=\"http:\/\/www.w3.org\/2000\/svg\" viewBox=\"0 0 448 512\"><path d=\"M190.5 66.9l22.2-22.2c9.4-9.4 24.6-9.4 33.9 0L441 239c9.4 9.4 9.4 24.6 0 33.9L246.6 467.3c-9.4 9.4-24.6 9.4-33.9 0l-22.2-22.2c-9.5-9.5-9.3-25 .4-34.3L311.4 296H24c-13.3 0-24-10.7-24-24v-32c0-13.3 10.7-24 24-24h287.4L190.9 101.2c-9.8-9.3-10-24.8-.4-34.3z\"\/><\/svg>\n                                    <\/a>\n            \n        <\/div><!-- ends: .pgcu-post__details -->\n    <\/div><!-- ends: .pgcu-post__content -->\n<\/div><!-- ends: .pgcu-post -->\n\n<div class=\"pgcu-post pgcu-post--rounded-border swiper-slide\">\n    <div class=\"pgcu-post__content\">\n\n        \n        <div class=\"pgcu-post__details\">\n\n                            <h2 class=\"pgcu-post__title\">\n                    <a href=\"https:\/\/aku.nu\/index.php\/2021\/03\/09\/sportsskade-iskiasnerve\/\">Sportsskade\/iskiasnerve<\/a> \n                <\/h2>\n            \n            <ul class=\"pgcu-post__meta pgcu-post__meta--dots\">\n\n                                    <li><a>9 marts 2021<\/a><\/li>\n                                \n                                    <li class=\"pgcu-post__meta__categories\">\n                        <a>Smerter<\/a>\n\n                                                <a>Sportsskader<\/a>\n                                                \n                                            <\/li>\n                    \n\n            <\/ul>\n\n                            <p class=\"pgcu-post__excerpt\">\n                Jeg fik en skade i min iskiasnerve, som satte sig i klemme og trak ned i&hellip;                <\/p>\n            \n            \n                <a href=\"https:\/\/aku.nu\/index.php\/2021\/03\/09\/sportsskade-iskiasnerve\/\" class=\"pgcu-read-more pgcu-post__readmore\">\n                    Read More                                            <svg xmlns=\"http:\/\/www.w3.org\/2000\/svg\" viewBox=\"0 0 448 512\"><path d=\"M190.5 66.9l22.2-22.2c9.4-9.4 24.6-9.4 33.9 0L441 239c9.4 9.4 9.4 24.6 0 33.9L246.6 467.3c-9.4 9.4-24.6 9.4-33.9 0l-22.2-22.2c-9.5-9.5-9.3-25 .4-34.3L311.4 296H24c-13.3 0-24-10.7-24-24v-32c0-13.3 10.7-24 24-24h287.4L190.9 101.2c-9.8-9.3-10-24.8-.4-34.3z\"\/><\/svg>\n                                    <\/a>\n            \n        <\/div><!-- ends: .pgcu-post__details -->\n    <\/div><!-- ends: .pgcu-post__content -->\n<\/div><!-- ends: .pgcu-post -->\n\n<div class=\"pgcu-post pgcu-post--rounded-border swiper-slide\">\n    <div class=\"pgcu-post__content\">\n\n        \n        <div class=\"pgcu-post__details\">\n\n                            <h2 class=\"pgcu-post__title\">\n                    <a href=\"https:\/\/aku.nu\/index.php\/2021\/03\/09\/gravid-efter-to-akupunkturbehandlinger\/\">Gravid efter to akupunkturbehandlinger<\/a> \n                <\/h2>\n            \n            <ul class=\"pgcu-post__meta pgcu-post__meta--dots\">\n\n                                    <li><a>9 marts 2021<\/a><\/li>\n                                \n                                    <li class=\"pgcu-post__meta__categories\">\n                        <a>Barnl\u00f8shed<\/a>\n\n                                                <a>Fertilitet<\/a>\n                                                \n                                                    <div class=\"pgcu-post__meta__categories-more\">\n                                <span><svg xmlns=\"http:\/\/www.w3.org\/2000\/svg\" viewBox=\"0 0 448 512\"><path d=\"M416 208H272V64c0-17.67-14.33-32-32-32h-32c-17.67 0-32 14.33-32 32v144H32c-17.67 0-32 14.33-32 32v32c0 17.67 14.33 32 32 32h144v144c0 17.67 14.33 32 32 32h32c17.67 0 32-14.33 32-32V304h144c17.67 0 32-14.33 32-32v-32c0-17.67-14.33-32-32-32z\"\/><\/svg><\/span>\n                                <div>\n\n                                                                    <a>Igangs\u00e6tning af f\u00f8dsel<\/a>\n                                                                \n                                <\/div>\n                            <\/div>\n                                            <\/li>\n                    \n\n            <\/ul>\n\n                            <p class=\"pgcu-post__excerpt\">\n                Min mand og jeg havde et \u00e5rs tid pr\u00f8vet at blive gravide. Men ingenting skete og&hellip;                <\/p>\n            \n            \n                <a href=\"https:\/\/aku.nu\/index.php\/2021\/03\/09\/gravid-efter-to-akupunkturbehandlinger\/\" class=\"pgcu-read-more pgcu-post__readmore\">\n                    Read More                                            <svg xmlns=\"http:\/\/www.w3.org\/2000\/svg\" viewBox=\"0 0 448 512\"><path d=\"M190.5 66.9l22.2-22.2c9.4-9.4 24.6-9.4 33.9 0L441 239c9.4 9.4 9.4 24.6 0 33.9L246.6 467.3c-9.4 9.4-24.6 9.4-33.9 0l-22.2-22.2c-9.5-9.5-9.3-25 .4-34.3L311.4 296H24c-13.3 0-24-10.7-24-24v-32c0-13.3 10.7-24 24-24h287.4L190.9 101.2c-9.8-9.3-10-24.8-.4-34.3z\"\/><\/svg>\n                                    <\/a>\n            \n        <\/div><!-- ends: .pgcu-post__details -->\n    <\/div><!-- ends: .pgcu-post__content -->\n<\/div><!-- ends: .pgcu-post -->\n\n<div class=\"pgcu-post pgcu-post--rounded-border swiper-slide\">\n    <div class=\"pgcu-post__content\">\n\n        \n        <div class=\"pgcu-post__details\">\n\n                            <h2 class=\"pgcu-post__title\">\n                    <a href=\"https:\/\/aku.nu\/index.php\/2021\/03\/08\/sress-og-vrede\/\">Stress og vrede<\/a> \n                <\/h2>\n            \n            <ul class=\"pgcu-post__meta pgcu-post__meta--dots\">\n\n                                    <li><a>8 marts 2021<\/a><\/li>\n                                \n                                    <li class=\"pgcu-post__meta__categories\">\n                        <a>NADA<\/a>\n\n                                                <a>Stress<\/a>\n                                                \n                                            <\/li>\n                    \n\n            <\/ul>\n\n                            <p class=\"pgcu-post__excerpt\">\n                Der var stress og sygdom i min familie. Jeg havde det ogs\u00e5 selv, som om min&hellip;                <\/p>\n            \n            \n                <a href=\"https:\/\/aku.nu\/index.php\/2021\/03\/08\/sress-og-vrede\/\" class=\"pgcu-read-more pgcu-post__readmore\">\n                    Read More                                            <svg xmlns=\"http:\/\/www.w3.org\/2000\/svg\" viewBox=\"0 0 448 512\"><path d=\"M190.5 66.9l22.2-22.2c9.4-9.4 24.6-9.4 33.9 0L441 239c9.4 9.4 9.4 24.6 0 33.9L246.6 467.3c-9.4 9.4-24.6 9.4-33.9 0l-22.2-22.2c-9.5-9.5-9.3-25 .4-34.3L311.4 296H24c-13.3 0-24-10.7-24-24v-32c0-13.3 10.7-24 24-24h287.4L190.9 101.2c-9.8-9.3-10-24.8-.4-34.3z\"\/><\/svg>\n                                    <\/a>\n            \n        <\/div><!-- ends: .pgcu-post__details -->\n    <\/div><!-- ends: .pgcu-post__content -->\n<\/div><!-- ends: .pgcu-post -->\n\n<div class=\"pgcu-post pgcu-post--rounded-border swiper-slide\">\n    <div class=\"pgcu-post__content\">\n\n        \n        <div class=\"pgcu-post__details\">\n\n                            <h2 class=\"pgcu-post__title\">\n                    <a href=\"https:\/\/aku.nu\/index.php\/2021\/03\/08\/allergi-og-muskelsmerter\/\">Allergi og muskelsmerter<\/a> \n                <\/h2>\n            \n            <ul class=\"pgcu-post__meta pgcu-post__meta--dots\">\n\n                                    <li><a>8 marts 2021<\/a><\/li>\n                                \n                                    <li class=\"pgcu-post__meta__categories\">\n                        <a>Allergi<\/a>\n\n                                                \n                                            <\/li>\n                    \n\n            <\/ul>\n\n                            <p class=\"pgcu-post__excerpt\">\n                For ca 5 \u00e5r siden oplevede jeg et for\u00e5r hvor jeg ikke kunne f\u00e5 luft, kl\u00f8e&hellip;                <\/p>\n            \n            \n                <a href=\"https:\/\/aku.nu\/index.php\/2021\/03\/08\/allergi-og-muskelsmerter\/\" class=\"pgcu-read-more pgcu-post__readmore\">\n                    Read More                                            <svg xmlns=\"http:\/\/www.w3.org\/2000\/svg\" viewBox=\"0 0 448 512\"><path d=\"M190.5 66.9l22.2-22.2c9.4-9.4 24.6-9.4 33.9 0L441 239c9.4 9.4 9.4 24.6 0 33.9L246.6 467.3c-9.4 9.4-24.6 9.4-33.9 0l-22.2-22.2c-9.5-9.5-9.3-25 .4-34.3L311.4 296H24c-13.3 0-24-10.7-24-24v-32c0-13.3 10.7-24 24-24h287.4L190.9 101.2c-9.8-9.3-10-24.8-.4-34.3z\"\/><\/svg>\n                                    <\/a>\n            \n        <\/div><!-- ends: .pgcu-post__details -->\n    <\/div><!-- ends: .pgcu-post__content -->\n<\/div><!-- ends: .pgcu-post -->\n\t\t\t\t\t\t\n\t\t\t\t\t<\/div>\n\n\t\t\t\t\t\t<div class=\"pgcu-carousel-nav pgcu-carousel-nav--circle pgcu-carousel-nav--middle\" style=\"\n        --pgcu-navArrowColor: #030517;\n        --pgcu-navArrowColorHover: #fff;\n        --pgcu-navBgColor: #f5f5f5;\n        --pgcu-navBgColorHover: #F31C1C;\n        --pgcu-navBorderColor: #f5f5f5;\n        --pgcu-navBorderColorHover: #F31C1C;\n    \">\n    <div class=\"pgcu-carousel-nav__btn pgcu-carousel-nav__btn--prev\">\n        <svg xmlns=\"http:\/\/www.w3.org\/2000\/svg\" viewBox=\"0 0 256 512\"><path d=\"M31.7 239l136-136c9.4-9.4 24.6-9.4 33.9 0l22.6 22.6c9.4 9.4 9.4 24.6 0 33.9L127.9 256l96.4 96.4c9.4 9.4 9.4 24.6 0 33.9L201.7 409c-9.4 9.4-24.6 9.4-33.9 0l-136-136c-9.5-9.4-9.5-24.6-.1-34z\"\/><\/svg>\n    <\/div>\n    <div class=\"pgcu-carousel-nav__btn pgcu-carousel-nav__btn--next\">\n        <svg xmlns=\"http:\/\/www.w3.org\/2000\/svg\" viewBox=\"0 0 256 512\"><path d=\"M224.3 273l-136 136c-9.4 9.4-24.6 9.4-33.9 0l-22.6-22.6c-9.4-9.4-9.4-24.6 0-33.9l96.4-96.4-96.4-96.4c-9.4-9.4-9.4-24.6 0-33.9L54.3 103c9.4-9.4 24.6-9.4 33.9 0l136 136c9.5 9.4 9.5 24.6.1 34z\"\/><\/svg>\n    <\/div>\n<\/div>\n\t\t\t\t<\/div>\n\n\n\t\t\t[\/vc_column_text][\/vc_column][\/vc_row]<\/p>\n","protected":false},"excerpt":{"rendered":"<p>[vc_row top_padding=&#8221;0&#8243; bg_position=&#8221;left top&#8221;][vc_column width=&#8221;1\/6&#8243;][\/vc_column][vc_column width=&#8221;1\/6&#8243;][\/vc_column][vc_column width=&#8221;1\/6&#8243;][\/vc_column][vc_column width=&#8221;1\/6&#8243;][\/vc_column][vc_column width=&#8221;1\/6&#8243;][\/vc_column][vc_column width=&#8221;1\/6&#8243;][\/vc_column][\/vc_row][vc_row text_align=&#8221;center&#8221; top_padding=&#8221;30&#8243;][vc_column width=&#8221;1\/1&#8243;][vc_column_text] Klinik Naturligvis Naturlig balance for krop og sind [\/vc_column_text][\/vc_column][\/vc_row][vc_row top_padding=&#8221;80&#8243; bottom_padding=&#8221;80&#8243; bg_position=&#8221;left top&#8221;][vc_column width=&#8221;1\/4&#8243;][vc_column_text] Smertebehandling Alt for mange mennesker finder sig i st\u00e6rke smerter og ubehagelige gener, ofte fordi de tror det ikke kan v\u00e6re anderledes \u2013 men det kan det! I langt de fleste tilf\u00e6lde vil akupunkturbehandling tilrettelagt den enkelte patients ubalancer, som et minimum, mindske smerter og ubehag samt i flere tilf\u00e6lde, helt f\u00e5 generne til at forsvinde! \u2013 ofte f\u00f8les en begyndende virkning allerede efter 3-5 behandlinger![\/vc_column_text][\/vc_column][vc_column width=&#8221;1\/4&#8243;][vc_column_text] Tillid For mange mennesker er det at lade sig i h\u00e6nderne p\u00e5 et andet menneske, der oveni k\u00f8bet skal stikke n\u00e5le i en, v\u00e6ldig gr\u00e6nseoverskridende. I langt de fleste tilf\u00e6lde ender det dog med, at mine klienter form\u00e5r selv at nyde den f\u00f8rste behandling. Jeg g\u00e5r nemlig stille frem, i det tempo du er klar til. Grundig information og tryghed er for mig en foruds\u00e6tning for et godt samarbejde mellem klient og behandler. Desuden vil virkningen af n\u00e5lene, alts\u00e5 p\u00e5virkningen af meridianerne\/energibanerne g\u00f8re at du ret hurtigt selv m\u00e6rker en forskel og derved slapper mere af. Det er meningen at du skal kunne ligge helt afslappet [&hellip;]<\/p>\n","protected":false},"author":1,"featured_media":0,"parent":0,"menu_order":0,"comment_status":"closed","ping_status":"closed","template":"","meta":{"footnotes":""},"class_list":["post-8989","page","type-page","status-publish","hentry"],"_links":{"self":[{"href":"https:\/\/aku.nu\/index.php\/wp-json\/wp\/v2\/pages\/8989","targetHints":{"allow":["GET"]}}],"collection":[{"href":"https:\/\/aku.nu\/index.php\/wp-json\/wp\/v2\/pages"}],"about":[{"href":"https:\/\/aku.nu\/index.php\/wp-json\/wp\/v2\/types\/page"}],"author":[{"embeddable":true,"href":"https:\/\/aku.nu\/index.php\/wp-json\/wp\/v2\/users\/1"}],"replies":[{"embeddable":true,"href":"https:\/\/aku.nu\/index.php\/wp-json\/wp\/v2\/comments?post=8989"}],"version-history":[{"count":38,"href":"https:\/\/aku.nu\/index.php\/wp-json\/wp\/v2\/pages\/8989\/revisions"}],"predecessor-version":[{"id":16339,"href":"https:\/\/aku.nu\/index.php\/wp-json\/wp\/v2\/pages\/8989\/revisions\/16339"}],"wp:attachment":[{"href":"https:\/\/aku.nu\/index.php\/wp-json\/wp\/v2\/media?parent=8989"}],"curies":[{"name":"wp","href":"https:\/\/api.w.org\/{rel}","templated":true}]}}